{"id":39,"date":"2026-03-18T07:33:28","date_gmt":"2026-03-18T07:33:28","guid":{"rendered":"http:\/\/hekinatnatural.mx\/?post_type=product&#038;p=39"},"modified":"2026-03-18T07:33:28","modified_gmt":"2026-03-18T07:33:28","slug":"sbelmax","status":"publish","type":"product","link":"https:\/\/hekinatnatural.mx\/?product=sbelmax","title":{"rendered":"Sbelmax"},"content":{"rendered":"<p>C\u00e1psulas con combinaci\u00f3n de extractos naturales dise\u00f1adas para acompa\u00f1ar un estilo de vida saludable.<\/p>\n<p>Elaborado a base de:<\/p>\n<p>L &#8211; carnitina<br \/>\nLecitina de soya<br \/>\nL &#8211; metionina<br \/>\nInositol<\/p>\n<p>Uso sugerido: Tomar una c\u00e1psula por la ma\u00f1ana.<\/p>\n","protected":false},"excerpt":{"rendered":"<p>C\u00e1psulas con combinaci\u00f3n de extractos naturales dise\u00f1adas para acompa\u00f1ar un estilo de vida saludable. Elaborado a base de: L &#8211; carnitina Lecitina de soya L &#8211; metionina Inositol Uso sugerido: Tomar una c\u00e1psula por la ma\u00f1ana.<\/p>\n","protected":false},"featured_media":40,"comment_status":"open","ping_status":"closed","template":"","meta":[],"product_brand":[],"product_cat":[24],"product_tag":[],"class_list":{"0":"post-39","1":"product","2":"type-product","3":"status-publish","4":"has-post-thumbnail","6":"product_cat-sin-categorizar","8":"first","9":"instock","10":"taxable","11":"shipping-taxable","12":"purchasable","13":"product-type-simple"},"jetpack_sharing_enabled":true,"_links":{"self":[{"href":"https:\/\/hekinatnatural.mx\/index.php?rest_route=\/wp\/v2\/product\/39","targetHints":{"allow":["GET"]}}],"collection":[{"href":"https:\/\/hekinatnatural.mx\/index.php?rest_route=\/wp\/v2\/product"}],"about":[{"href":"https:\/\/hekinatnatural.mx\/index.php?rest_route=\/wp\/v2\/types\/product"}],"replies":[{"embeddable":true,"href":"https:\/\/hekinatnatural.mx\/index.php?rest_route=%2Fwp%2Fv2%2Fcomments&post=39"}],"wp:featuredmedia":[{"embeddable":true,"href":"https:\/\/hekinatnatural.mx\/index.php?rest_route=\/wp\/v2\/media\/40"}],"wp:attachment":[{"href":"https:\/\/hekinatnatural.mx\/index.php?rest_route=%2Fwp%2Fv2%2Fmedia&parent=39"}],"wp:term":[{"taxonomy":"product_brand","embeddable":true,"href":"https:\/\/hekinatnatural.mx\/index.php?rest_route=%2Fwp%2Fv2%2Fproduct_brand&post=39"},{"taxonomy":"product_cat","embeddable":true,"href":"https:\/\/hekinatnatural.mx\/index.php?rest_route=%2Fwp%2Fv2%2Fproduct_cat&post=39"},{"taxonomy":"product_tag","embeddable":true,"href":"https:\/\/hekinatnatural.mx\/index.php?rest_route=%2Fwp%2Fv2%2Fproduct_tag&post=39"}],"curies":[{"name":"wp","href":"https:\/\/api.w.org\/{rel}","templated":true}]}}